{"id":14,"date":"2016-02-04T22:24:27","date_gmt":"2016-02-04T21:24:27","guid":{"rendered":"http:\/\/wordpress.artdeweb.de\/?page_id=14"},"modified":"2026-03-04T20:25:08","modified_gmt":"2026-03-04T19:25:08","slug":"impressum","status":"publish","type":"page","link":"https:\/\/www.my-sl-stories.de\/de\/impressum\/","title":{"rendered":"Impressum"},"content":{"rendered":"\t\t<div data-elementor-type=\"wp-page\" data-elementor-id=\"14\" class=\"elementor elementor-14\">\n\t\t\t\t<div class=\"elementor-element elementor-element-a79c40f section e-flex e-con-boxed e-con e-parent\" data-id=\"a79c40f\" data-element_type=\"container\" data-e-type=\"container\">\n\t\t\t\t\t<div class=\"e-con-inner\">\n\t\t<div class=\"elementor-element elementor-element-42eec34 e-con-full e-flex e-con e-child\" data-id=\"42eec34\" data-element_type=\"container\" data-e-type=\"container\">\n\t\t\t\t<div class=\"elementor-element elementor-element-363b8b2 elementor-widget elementor-widget-heading\" data-id=\"363b8b2\" data-element_type=\"widget\" data-e-type=\"widget\" data-widget_type=\"heading.default\">\n\t\t\t\t<div class=\"elementor-widget-container\">\n\t\t\t\t\t<h1 class=\"elementor-heading-title elementor-size-default\">Impressum<\/h1>\t\t\t\t<\/div>\n\t\t\t\t<\/div>\n\t\t\t\t<div class=\"elementor-element elementor-element-ebb24a2 elementor-widget-divider--view-line elementor-widget elementor-widget-divider\" data-id=\"ebb24a2\" data-element_type=\"widget\" data-e-type=\"widget\" data-widget_type=\"divider.default\">\n\t\t\t\t<div class=\"elementor-widget-container\">\n\t\t\t\t\t\t\t<div class=\"elementor-divider\">\n\t\t\t<span class=\"elementor-divider-separator\">\n\t\t\t\t\t\t<\/span>\n\t\t<\/div>\n\t\t\t\t\t\t<\/div>\n\t\t\t\t<\/div>\n\t\t\t\t<div class=\"elementor-element elementor-element-4194bea elementor-widget elementor-widget-text-editor\" data-id=\"4194bea\" data-element_type=\"widget\" data-e-type=\"widget\" data-widget_type=\"text-editor.default\">\n\t\t\t\t<div class=\"elementor-widget-container\">\n\t\t\t\t\t\t\t\t\t<p><strong>my-sl-stories.de<\/strong>\u00a0 \u2013\u00a0 My Second Life | Stories, Pics and more\u2026<\/p><p><em>Angaben gem\u00e4\u00df \u00a7 5 DDG (Digitale-Dienste-Gesetz)<\/em><\/p>\t\t\t\t\t\t\t\t<\/div>\n\t\t\t\t<\/div>\n\t\t\t\t<div class=\"elementor-element elementor-element-96c7654 elementor-widget-divider--view-line elementor-widget elementor-widget-divider\" data-id=\"96c7654\" data-element_type=\"widget\" data-e-type=\"widget\" data-widget_type=\"divider.default\">\n\t\t\t\t<div class=\"elementor-widget-container\">\n\t\t\t\t\t\t\t<div class=\"elementor-divider\">\n\t\t\t<span class=\"elementor-divider-separator\">\n\t\t\t\t\t\t<\/span>\n\t\t<\/div>\n\t\t\t\t\t\t<\/div>\n\t\t\t\t<\/div>\n\t\t\t\t<\/div>\n\t\t<div class=\"elementor-element elementor-element-71baff3 e-con-full e-flex e-con e-child\" data-id=\"71baff3\" data-element_type=\"container\" data-e-type=\"container\">\n\t\t\t\t<div class=\"elementor-element elementor-element-1378d5f elementor-widget elementor-widget-heading\" data-id=\"1378d5f\" data-element_type=\"widget\" data-e-type=\"widget\" data-widget_type=\"heading.default\">\n\t\t\t\t<div class=\"elementor-widget-container\">\n\t\t\t\t\t<h2 class=\"elementor-heading-title elementor-size-default\">Angaben zum Anbieter<\/h2>\t\t\t\t<\/div>\n\t\t\t\t<\/div>\n\t\t\t\t<div class=\"elementor-element elementor-element-5bcec4a elementor-widget elementor-widget-text-editor\" data-id=\"5bcec4a\" data-element_type=\"widget\" data-e-type=\"widget\" data-widget_type=\"text-editor.default\">\n\t\t\t\t<div class=\"elementor-widget-container\">\n\t\t\t\t\t\t\t\t\t<p>Steffen Banse<br \/>Zepziger Str. 76<br \/>06406 Bernburg (Saale)<br \/>Deutschland<\/p>\t\t\t\t\t\t\t\t<\/div>\n\t\t\t\t<\/div>\n\t\t\t\t<div class=\"elementor-element elementor-element-e1b72d9 elementor-widget elementor-widget-heading\" data-id=\"e1b72d9\" data-element_type=\"widget\" data-e-type=\"widget\" data-widget_type=\"heading.default\">\n\t\t\t\t<div class=\"elementor-widget-container\">\n\t\t\t\t\t<h2 class=\"elementor-heading-title elementor-size-default\">Kontakt<\/h2>\t\t\t\t<\/div>\n\t\t\t\t<\/div>\n\t\t\t\t<div class=\"elementor-element elementor-element-caba797 elementor-widget elementor-widget-text-editor\" data-id=\"caba797\" data-element_type=\"widget\" data-e-type=\"widget\" data-widget_type=\"text-editor.default\">\n\t\t\t\t<div class=\"elementor-widget-container\">\n\t\t\t\t\t\t\t\t\t<p><strong>E-Mail:<\/strong>\u00a0 markes@my-sl-stories.de<\/p>\t\t\t\t\t\t\t\t<\/div>\n\t\t\t\t<\/div>\n\t\t\t\t<div class=\"elementor-element elementor-element-c24e4c8 modal tip elementor-widget elementor-widget-text-editor\" data-id=\"c24e4c8\" data-element_type=\"widget\" data-e-type=\"widget\" data-widget_type=\"text-editor.default\">\n\t\t\t\t<div class=\"elementor-widget-container\">\n\t\t\t\t\t\t\t\t\t<p>Hinweis: Eine Telefonnummer wird bewusst nicht angegeben. Gem\u00e4\u00df \u00a7 5 Abs. 1 Nr. 2 DDG ist\u00a0eine schnelle elektronische Kontaktm\u00f6glichkeit ausreichend. Anfragen bitte per E-Mail.<\/p>\t\t\t\t\t\t\t\t<\/div>\n\t\t\t\t<\/div>\n\t\t\t\t<\/div>\n\t\t<div class=\"elementor-element elementor-element-1139607 e-con-full e-flex e-con e-child\" data-id=\"1139607\" data-element_type=\"container\" data-e-type=\"container\">\n\t\t\t\t<div class=\"elementor-element elementor-element-6a39279 elementor-widget elementor-widget-heading\" data-id=\"6a39279\" data-element_type=\"widget\" data-e-type=\"widget\" data-widget_type=\"heading.default\">\n\t\t\t\t<div class=\"elementor-widget-container\">\n\t\t\t\t\t<h2 class=\"elementor-heading-title elementor-size-default\">Verantwortlich f\u00fcr den Inhalt<\/h2>\t\t\t\t<\/div>\n\t\t\t\t<\/div>\n\t\t\t\t<div class=\"elementor-element elementor-element-04ae238 elementor-widget elementor-widget-text-editor\" data-id=\"04ae238\" data-element_type=\"widget\" data-e-type=\"widget\" data-widget_type=\"text-editor.default\">\n\t\t\t\t<div class=\"elementor-widget-container\">\n\t\t\t\t\t\t\t\t\t<p>Steffen Banse (gem. \u00a7 18 Abs. 2 MStV \u2013 Medienstaatsvertrag)<br \/>Zepziger Str. 76<br \/>06406 Bernburg (Saale)<\/p>\t\t\t\t\t\t\t\t<\/div>\n\t\t\t\t<\/div>\n\t\t\t\t<\/div>\n\t\t<div class=\"elementor-element elementor-element-18e1135 e-con-full e-flex e-con e-child\" data-id=\"18e1135\" data-element_type=\"container\" data-e-type=\"container\">\n\t\t\t\t<div class=\"elementor-element elementor-element-361cb35 elementor-widget elementor-widget-heading\" data-id=\"361cb35\" data-element_type=\"widget\" data-e-type=\"widget\" data-widget_type=\"heading.default\">\n\t\t\t\t<div class=\"elementor-widget-container\">\n\t\t\t\t\t<h2 class=\"elementor-heading-title elementor-size-default\">Redaktion<\/h2>\t\t\t\t<\/div>\n\t\t\t\t<\/div>\n\t\t\t\t<div class=\"elementor-element elementor-element-099fb68 elementor-widget elementor-widget-text-editor\" data-id=\"099fb68\" data-element_type=\"widget\" data-e-type=\"widget\" data-widget_type=\"text-editor.default\">\n\t\t\t\t<div class=\"elementor-widget-container\">\n\t\t\t\t\t\t\t\t\t<p>Dieses Angebot wird redaktionell betreut von:<\/p>\t\t\t\t\t\t\t\t<\/div>\n\t\t\t\t<\/div>\n\t\t\t\t<div class=\"elementor-element elementor-element-e7e636e elementor-widget elementor-widget-text-editor\" data-id=\"e7e636e\" data-element_type=\"widget\" data-e-type=\"widget\" data-widget_type=\"text-editor.default\">\n\t\t\t\t<div class=\"elementor-widget-container\">\n\t\t\t\t\t\t\t\t\t<table cellspacig=\"0\">\n<tbody>\n<tr>\n<th width=\"200\"><strong>Name<\/strong><\/th>\n<th width=\"212\"><strong>Rolle<\/strong><\/th>\n<th width=\"212\"><strong>Pseudonym (Second Life)<\/strong><\/th>\n<\/tr>\n<tr>\n<td width=\"200\">Steffen Banse<\/td>\n<td width=\"212\">Chefredakteur &amp; Administrator<\/td>\n<td width=\"212\"><em>Markes Flanagan<\/em><\/td>\n<\/tr>\n<tr>\n<td width=\"200\">Maja Lewsey<\/td>\n<td width=\"212\">Redakteurin &amp; Modell<\/td>\n<td width=\"212\"><em>Maja Lewsey<\/em><\/td>\n<\/tr>\n<tr>\n<td width=\"200\">Annika Mohegan<\/td>\n<td width=\"212\">Redakteurin &amp; Modell<\/td>\n<td width=\"212\"><em>Annika Mohegan<\/em><\/td>\n<\/tr>\n<\/tbody>\n<\/table>\t\t\t\t\t\t\t\t<\/div>\n\t\t\t\t<\/div>\n\t\t\t\t<\/div>\n\t\t\t\t\t<\/div>\n\t\t\t\t<\/div>\n\t\t<div class=\"elementor-element elementor-element-7a98857 e-flex e-con-boxed e-con e-parent\" data-id=\"7a98857\" data-element_type=\"container\" data-e-type=\"container\">\n\t\t\t\t\t<div class=\"e-con-inner\">\n\t\t<div class=\"elementor-element elementor-element-c78191b e-con-full e-flex e-con e-child\" data-id=\"c78191b\" data-element_type=\"container\" data-e-type=\"container\">\n\t\t\t\t<div class=\"elementor-element elementor-element-72909e9 elementor-widget elementor-widget-heading\" data-id=\"72909e9\" data-element_type=\"widget\" data-e-type=\"widget\" data-widget_type=\"heading.default\">\n\t\t\t\t<div class=\"elementor-widget-container\">\n\t\t\t\t\t<h2 class=\"elementor-heading-title elementor-size-default\">Haftungsausschluss<\/h2>\t\t\t\t<\/div>\n\t\t\t\t<\/div>\n\t\t\t\t<\/div>\n\t\t<div class=\"elementor-element elementor-element-02f0364 e-con-full e-flex e-con e-child\" data-id=\"02f0364\" data-element_type=\"container\" data-e-type=\"container\">\n\t\t<div class=\"elementor-element elementor-element-552addd e-con-full e-flex e-con e-child\" data-id=\"552addd\" data-element_type=\"container\" data-e-type=\"container\">\n\t\t\t\t<div class=\"elementor-element elementor-element-601b318 elementor-widget elementor-widget-heading\" data-id=\"601b318\" data-element_type=\"widget\" data-e-type=\"widget\" data-widget_type=\"heading.default\">\n\t\t\t\t<div class=\"elementor-widget-container\">\n\t\t\t\t\t<h3 class=\"elementor-heading-title elementor-size-default\">Haftung f\u00fcr Inhalte<\/h3>\t\t\t\t<\/div>\n\t\t\t\t<\/div>\n\t\t\t\t<div class=\"elementor-element elementor-element-973dac0 elementor-widget elementor-widget-text-editor\" data-id=\"973dac0\" data-element_type=\"widget\" data-e-type=\"widget\" data-widget_type=\"text-editor.default\">\n\t\t\t\t<div class=\"elementor-widget-container\">\n\t\t\t\t\t\t\t\t\t<p>Die Inhalte dieser Webseite wurden mit gr\u00f6\u00dfter Sorgfalt erstellt. F\u00fcr die Richtigkeit, Vollst\u00e4ndigkeit und Aktualit\u00e4t der Inhalte k\u00f6nnen wir jedoch keine Gew\u00e4hr \u00fcbernehmen. Als Diensteanbieter sind wir gem\u00e4\u00df \u00a7 7 Abs. 1 DDG f\u00fcr eigene Inhalte auf diesen Seiten nach den allgemeinen Gesetzen verantwortlich. Nach \u00a7\u00a7 8 bis 10 DDG sind wir als Diensteanbieter jedoch nicht verpflichtet, \u00fcbermittelte oder gespeicherte fremde Informationen zu \u00fcberwachen oder nach Umst\u00e4nden zu forschen, die auf eine rechtswidrige T\u00e4tigkeit hinweisen.<\/p>\t\t\t\t\t\t\t\t<\/div>\n\t\t\t\t<\/div>\n\t\t\t\t<\/div>\n\t\t<div class=\"elementor-element elementor-element-bccb9d5 e-con-full e-flex e-con e-child\" data-id=\"bccb9d5\" data-element_type=\"container\" data-e-type=\"container\">\n\t\t\t\t<div class=\"elementor-element elementor-element-8509cb4 elementor-widget elementor-widget-heading\" data-id=\"8509cb4\" data-element_type=\"widget\" data-e-type=\"widget\" data-widget_type=\"heading.default\">\n\t\t\t\t<div class=\"elementor-widget-container\">\n\t\t\t\t\t<h3 class=\"elementor-heading-title elementor-size-default\">Haftung f\u00fcr Links<\/h3>\t\t\t\t<\/div>\n\t\t\t\t<\/div>\n\t\t\t\t<div class=\"elementor-element elementor-element-16ea578 elementor-widget elementor-widget-text-editor\" data-id=\"16ea578\" data-element_type=\"widget\" data-e-type=\"widget\" data-widget_type=\"text-editor.default\">\n\t\t\t\t<div class=\"elementor-widget-container\">\n\t\t\t\t\t\t\t\t\t<p>Unser Angebot enth\u00e4lt Links zu externen Webseiten Dritter, auf deren Inhalte wir keinen Einfluss haben. Deshalb k\u00f6nnen wir f\u00fcr diese fremden Inhalte auch keine Gew\u00e4hr \u00fcbernehmen. F\u00fcr die Inhalte der verlinkten Seiten ist stets der jeweilige Anbieter oder Betreiber der Seiten verantwortlich. Die verlinkten Seiten wurden zum Zeitpunkt der Verlinkung auf m\u00f6gliche Rechtsverst\u00f6\u00dfe \u00fcberpr\u00fcft. Rechtswidrige Inhalte waren zum Zeitpunkt der Verlinkung nicht erkennbar. Eine permanente inhaltliche Kontrolle der verlinkten Seiten ist jedoch ohne konkrete Anhaltspunkte einer Rechtsverletzung nicht zumutbar. Bei Bekanntwerden von Rechtsverletzungen werden wir derartige Links umgehend entfernen.<\/p>\t\t\t\t\t\t\t\t<\/div>\n\t\t\t\t<\/div>\n\t\t\t\t<\/div>\n\t\t<div class=\"elementor-element elementor-element-e46fca8 e-con-full e-flex e-con e-child\" data-id=\"e46fca8\" data-element_type=\"container\" data-e-type=\"container\">\n\t\t\t\t<div class=\"elementor-element elementor-element-7b9dc01 elementor-widget elementor-widget-heading\" data-id=\"7b9dc01\" data-element_type=\"widget\" data-e-type=\"widget\" data-widget_type=\"heading.default\">\n\t\t\t\t<div class=\"elementor-widget-container\">\n\t\t\t\t\t<h3 class=\"elementor-heading-title elementor-size-default\">Urheberrecht<\/h3>\t\t\t\t<\/div>\n\t\t\t\t<\/div>\n\t\t\t\t<div class=\"elementor-element elementor-element-50e2919 elementor-widget elementor-widget-text-editor\" data-id=\"50e2919\" data-element_type=\"widget\" data-e-type=\"widget\" data-widget_type=\"text-editor.default\">\n\t\t\t\t<div class=\"elementor-widget-container\">\n\t\t\t\t\t\t\t\t\t<p>Die durch die Seitenbetreiber erstellten Inhalte und Werke auf diesen Seiten unterliegen dem deutschen Urheberrecht. Die Vervielf\u00e4ltigung, Bearbeitung, Verbreitung und jede Art der Verwertung au\u00dferhalb der Grenzen des Urheberrechtes bed\u00fcrfen der schriftlichen Zustimmung des jeweiligen Autors bzw. Erstellers. Downloads und Kopien dieser Seite sind nur f\u00fcr den privaten, nicht kommerziellen Gebrauch gestattet.<\/p><p>Alle auf dieser Webseite gezeigten Screenshots und Bilder wurden im virtuellen Online-Spiel Second Life (\u00a9 Linden Research, Inc.) erstellt. Second Life ist ein eingetragenes Warenzeichen von Linden Research, Inc. Diese Webseite steht in keiner offiziellen Verbindung zu Linden Research, Inc.<\/p>\t\t\t\t\t\t\t\t<\/div>\n\t\t\t\t<\/div>\n\t\t\t\t<\/div>\n\t\t<div class=\"elementor-element elementor-element-70a7a4d e-con-full e-flex e-con e-child\" data-id=\"70a7a4d\" data-element_type=\"container\" data-e-type=\"container\">\n\t\t\t\t<div class=\"elementor-element elementor-element-96199c2 elementor-widget elementor-widget-heading\" data-id=\"96199c2\" data-element_type=\"widget\" data-e-type=\"widget\" data-widget_type=\"heading.default\">\n\t\t\t\t<div class=\"elementor-widget-container\">\n\t\t\t\t\t<h3 class=\"elementor-heading-title elementor-size-default\">Streitschlichtung<\/h3>\t\t\t\t<\/div>\n\t\t\t\t<\/div>\n\t\t\t\t<div class=\"elementor-element elementor-element-0dfe5bb elementor-widget elementor-widget-text-editor\" data-id=\"0dfe5bb\" data-element_type=\"widget\" data-e-type=\"widget\" data-widget_type=\"text-editor.default\">\n\t\t\t\t<div class=\"elementor-widget-container\">\n\t\t\t\t\t\t\t\t\t<p>Wir sind nicht bereit oder verpflichtet, an Streitbeilegungsverfahren vor einer Verbraucherschlichtungsstelle teilzunehmen, da es sich bei diesem Angebot um ein privates, nicht-kommerzielles Hobby-Projekt ohne Gewinnerzielungsabsicht handelt.<\/p>\t\t\t\t\t\t\t\t<\/div>\n\t\t\t\t<\/div>\n\t\t\t\t<\/div>\n\t\t<div class=\"elementor-element elementor-element-769e1c5 e-con-full e-flex e-con e-child\" data-id=\"769e1c5\" data-element_type=\"container\" data-e-type=\"container\">\n\t\t\t\t<div class=\"elementor-element elementor-element-058b80b elementor-widget elementor-widget-heading\" data-id=\"058b80b\" data-element_type=\"widget\" data-e-type=\"widget\" data-widget_type=\"heading.default\">\n\t\t\t\t<div class=\"elementor-widget-container\">\n\t\t\t\t\t<h3 class=\"elementor-heading-title elementor-size-default\">Hinweis zum Angebot<\/h3>\t\t\t\t<\/div>\n\t\t\t\t<\/div>\n\t\t\t\t<div class=\"elementor-element elementor-element-3f3a764 elementor-widget elementor-widget-text-editor\" data-id=\"3f3a764\" data-element_type=\"widget\" data-e-type=\"widget\" data-widget_type=\"text-editor.default\">\n\t\t\t\t<div class=\"elementor-widget-container\">\n\t\t\t\t\t\t\t\t\tDiese Webseite ist ein privates, nicht-kommerzielles Freizeitprojekt. Es werden keine Produkte verkauft und keine Einnahmen erzielt. Alle vorgestellten Produkte und Orte existieren ausschlie\u00dflich innerhalb des virtuellen Online-Spiels Second Life.\t\t\t\t\t\t\t\t<\/div>\n\t\t\t\t<\/div>\n\t\t\t\t<\/div>\n\t\t\t\t<\/div>\n\t\t\t\t\t<\/div>\n\t\t\t\t<\/div>\n\t\t\t\t<\/div>\n\t\t","protected":false},"excerpt":{"rendered":"<p>Impressum my-sl-stories.de\u00a0 \u2013\u00a0 My Second Life | Stories, Pics and<\/p>\n","protected":false},"author":4,"featured_media":505,"parent":0,"menu_order":0,"comment_status":"closed","ping_status":"closed","template":"template-slider.php","meta":{"_vp_format_video_url":"","_vp_image_focal_point":[],"footnotes":""},"class_list":["post-14","page","type-page","status-publish","has-post-thumbnail","hentry"],"yoast_head":"<!-- This site is optimized with the Yoast SEO plugin v27.4 - https:\/\/yoast.com\/product\/yoast-seo-wordpress\/ -->\n<title>Impressum : My Second Life<\/title>\n<meta name=\"description\" content=\"Impressum : My Second Life\" \/>\n<meta name=\"robots\" content=\"index, follow, max-snippet:-1, max-image-preview:large, max-video-preview:-1\" \/>\n<link rel=\"canonical\" href=\"https:\/\/www.my-sl-stories.de\/de\/impressum\/\" \/>\n<meta property=\"og:locale\" content=\"de_DE\" \/>\n<meta property=\"og:type\" content=\"article\" \/>\n<meta property=\"og:title\" content=\"Impressum : My Second Life\" \/>\n<meta property=\"og:description\" content=\"Impressum : My Second Life\" \/>\n<meta property=\"og:url\" content=\"https:\/\/www.my-sl-stories.de\/de\/impressum\/\" \/>\n<meta property=\"og:site_name\" content=\"My Second Life\" \/>\n<meta property=\"article:publisher\" content=\"https:\/\/www.facebook.com\/annika.mohegan.9\" \/>\n<meta property=\"article:modified_time\" content=\"2026-03-04T19:25:08+00:00\" \/>\n<meta property=\"og:image\" content=\"https:\/\/www.my-sl-stories.de\/wp-content\/uploads\/2017\/11\/218748_167145950011206_5497915_o.jpg\" \/>\n\t<meta property=\"og:image:width\" content=\"1600\" \/>\n\t<meta property=\"og:image:height\" content=\"1200\" \/>\n\t<meta property=\"og:image:type\" content=\"image\/jpeg\" \/>\n<meta name=\"twitter:card\" content=\"summary_large_image\" \/>\n<meta name=\"twitter:label1\" content=\"Gesch\u00e4tzte Lesezeit\" \/>\n\t<meta name=\"twitter:data1\" content=\"3\u00a0Minuten\" \/>\n<script type=\"application\/ld+json\" class=\"yoast-schema-graph\">{\"@context\":\"https:\\\/\\\/schema.org\",\"@graph\":[{\"@type\":\"WebPage\",\"@id\":\"https:\\\/\\\/www.my-sl-stories.de\\\/impressum\\\/\",\"url\":\"https:\\\/\\\/www.my-sl-stories.de\\\/impressum\\\/\",\"name\":\"Impressum : My Second Life\",\"isPartOf\":{\"@id\":\"https:\\\/\\\/www.my-sl-stories.de\\\/de\\\/#website\"},\"primaryImageOfPage\":{\"@id\":\"https:\\\/\\\/www.my-sl-stories.de\\\/impressum\\\/#primaryimage\"},\"image\":{\"@id\":\"https:\\\/\\\/www.my-sl-stories.de\\\/impressum\\\/#primaryimage\"},\"thumbnailUrl\":\"https:\\\/\\\/www.my-sl-stories.de\\\/wp-content\\\/uploads\\\/2017\\\/11\\\/218748_167145950011206_5497915_o.jpg\",\"datePublished\":\"2016-02-04T21:24:27+00:00\",\"dateModified\":\"2026-03-04T19:25:08+00:00\",\"description\":\"Impressum : My Second Life\",\"breadcrumb\":{\"@id\":\"https:\\\/\\\/www.my-sl-stories.de\\\/impressum\\\/#breadcrumb\"},\"inLanguage\":\"de\",\"potentialAction\":[{\"@type\":\"ReadAction\",\"target\":[\"https:\\\/\\\/www.my-sl-stories.de\\\/impressum\\\/\"]}]},{\"@type\":\"ImageObject\",\"inLanguage\":\"de\",\"@id\":\"https:\\\/\\\/www.my-sl-stories.de\\\/impressum\\\/#primaryimage\",\"url\":\"https:\\\/\\\/www.my-sl-stories.de\\\/wp-content\\\/uploads\\\/2017\\\/11\\\/218748_167145950011206_5497915_o.jpg\",\"contentUrl\":\"https:\\\/\\\/www.my-sl-stories.de\\\/wp-content\\\/uploads\\\/2017\\\/11\\\/218748_167145950011206_5497915_o.jpg\",\"width\":1600,\"height\":1200},{\"@type\":\"BreadcrumbList\",\"@id\":\"https:\\\/\\\/www.my-sl-stories.de\\\/impressum\\\/#breadcrumb\",\"itemListElement\":[{\"@type\":\"ListItem\",\"position\":1,\"name\":\"Startseite\",\"item\":\"https:\\\/\\\/www.my-sl-stories.de\\\/\"},{\"@type\":\"ListItem\",\"position\":2,\"name\":\"Impressum\"}]},{\"@type\":\"WebSite\",\"@id\":\"https:\\\/\\\/www.my-sl-stories.de\\\/de\\\/#website\",\"url\":\"https:\\\/\\\/www.my-sl-stories.de\\\/de\\\/\",\"name\":\"My Second Life\",\"description\":\"Stories, Pics and more...\",\"publisher\":{\"@id\":\"https:\\\/\\\/www.my-sl-stories.de\\\/de\\\/#\\\/schema\\\/person\\\/cdd0bbe90b4aacbb74aca52cd5adb575\"},\"potentialAction\":[{\"@type\":\"SearchAction\",\"target\":{\"@type\":\"EntryPoint\",\"urlTemplate\":\"https:\\\/\\\/www.my-sl-stories.de\\\/de\\\/?s={search_term_string}\"},\"query-input\":{\"@type\":\"PropertyValueSpecification\",\"valueRequired\":true,\"valueName\":\"search_term_string\"}}],\"inLanguage\":\"de\"},{\"@type\":[\"Person\",\"Organization\"],\"@id\":\"https:\\\/\\\/www.my-sl-stories.de\\\/de\\\/#\\\/schema\\\/person\\\/cdd0bbe90b4aacbb74aca52cd5adb575\",\"name\":\"Annika Mohegan\",\"image\":{\"@type\":\"ImageObject\",\"inLanguage\":\"de\",\"@id\":\"https:\\\/\\\/www.my-sl-stories.de\\\/wp-content\\\/uploads\\\/2019\\\/08\\\/2019_Salt-Water-Dancing_20190817_008-2.jpg\",\"url\":\"https:\\\/\\\/www.my-sl-stories.de\\\/wp-content\\\/uploads\\\/2019\\\/08\\\/2019_Salt-Water-Dancing_20190817_008-2.jpg\",\"contentUrl\":\"https:\\\/\\\/www.my-sl-stories.de\\\/wp-content\\\/uploads\\\/2019\\\/08\\\/2019_Salt-Water-Dancing_20190817_008-2.jpg\",\"width\":1600,\"height\":768,\"caption\":\"Annika Mohegan\"},\"logo\":{\"@id\":\"https:\\\/\\\/www.my-sl-stories.de\\\/wp-content\\\/uploads\\\/2019\\\/08\\\/2019_Salt-Water-Dancing_20190817_008-2.jpg\"},\"description\":\"SL-Profil | Profil\",\"sameAs\":[\"https:\\\/\\\/www.my-sl-stories.de\\\/redakteure\\\/annika\\\/\",\"https:\\\/\\\/www.facebook.com\\\/annika.mohegan.9\",\"https:\\\/\\\/www.instagram.com\\\/annikamohegan\\\/\"]}]}<\/script>\n<!-- \/ Yoast SEO plugin. -->","yoast_head_json":{"title":"Impressum : My Second Life","description":"Impressum : My Second Life","robots":{"index":"index","follow":"follow","max-snippet":"max-snippet:-1","max-image-preview":"max-image-preview:large","max-video-preview":"max-video-preview:-1"},"canonical":"https:\/\/www.my-sl-stories.de\/de\/impressum\/","og_locale":"de_DE","og_type":"article","og_title":"Impressum : My Second Life","og_description":"Impressum : My Second Life","og_url":"https:\/\/www.my-sl-stories.de\/de\/impressum\/","og_site_name":"My Second Life","article_publisher":"https:\/\/www.facebook.com\/annika.mohegan.9","article_modified_time":"2026-03-04T19:25:08+00:00","og_image":[{"width":1600,"height":1200,"url":"https:\/\/www.my-sl-stories.de\/wp-content\/uploads\/2017\/11\/218748_167145950011206_5497915_o.jpg","type":"image\/jpeg"}],"twitter_card":"summary_large_image","twitter_misc":{"Gesch\u00e4tzte Lesezeit":"3\u00a0Minuten"},"schema":{"@context":"https:\/\/schema.org","@graph":[{"@type":"WebPage","@id":"https:\/\/www.my-sl-stories.de\/impressum\/","url":"https:\/\/www.my-sl-stories.de\/impressum\/","name":"Impressum : My Second Life","isPartOf":{"@id":"https:\/\/www.my-sl-stories.de\/de\/#website"},"primaryImageOfPage":{"@id":"https:\/\/www.my-sl-stories.de\/impressum\/#primaryimage"},"image":{"@id":"https:\/\/www.my-sl-stories.de\/impressum\/#primaryimage"},"thumbnailUrl":"https:\/\/www.my-sl-stories.de\/wp-content\/uploads\/2017\/11\/218748_167145950011206_5497915_o.jpg","datePublished":"2016-02-04T21:24:27+00:00","dateModified":"2026-03-04T19:25:08+00:00","description":"Impressum : My Second Life","breadcrumb":{"@id":"https:\/\/www.my-sl-stories.de\/impressum\/#breadcrumb"},"inLanguage":"de","potentialAction":[{"@type":"ReadAction","target":["https:\/\/www.my-sl-stories.de\/impressum\/"]}]},{"@type":"ImageObject","inLanguage":"de","@id":"https:\/\/www.my-sl-stories.de\/impressum\/#primaryimage","url":"https:\/\/www.my-sl-stories.de\/wp-content\/uploads\/2017\/11\/218748_167145950011206_5497915_o.jpg","contentUrl":"https:\/\/www.my-sl-stories.de\/wp-content\/uploads\/2017\/11\/218748_167145950011206_5497915_o.jpg","width":1600,"height":1200},{"@type":"BreadcrumbList","@id":"https:\/\/www.my-sl-stories.de\/impressum\/#breadcrumb","itemListElement":[{"@type":"ListItem","position":1,"name":"Startseite","item":"https:\/\/www.my-sl-stories.de\/"},{"@type":"ListItem","position":2,"name":"Impressum"}]},{"@type":"WebSite","@id":"https:\/\/www.my-sl-stories.de\/de\/#website","url":"https:\/\/www.my-sl-stories.de\/de\/","name":"My Second Life","description":"Stories, Pics and more...","publisher":{"@id":"https:\/\/www.my-sl-stories.de\/de\/#\/schema\/person\/cdd0bbe90b4aacbb74aca52cd5adb575"},"potentialAction":[{"@type":"SearchAction","target":{"@type":"EntryPoint","urlTemplate":"https:\/\/www.my-sl-stories.de\/de\/?s={search_term_string}"},"query-input":{"@type":"PropertyValueSpecification","valueRequired":true,"valueName":"search_term_string"}}],"inLanguage":"de"},{"@type":["Person","Organization"],"@id":"https:\/\/www.my-sl-stories.de\/de\/#\/schema\/person\/cdd0bbe90b4aacbb74aca52cd5adb575","name":"Annika Mohegan","image":{"@type":"ImageObject","inLanguage":"de","@id":"https:\/\/www.my-sl-stories.de\/wp-content\/uploads\/2019\/08\/2019_Salt-Water-Dancing_20190817_008-2.jpg","url":"https:\/\/www.my-sl-stories.de\/wp-content\/uploads\/2019\/08\/2019_Salt-Water-Dancing_20190817_008-2.jpg","contentUrl":"https:\/\/www.my-sl-stories.de\/wp-content\/uploads\/2019\/08\/2019_Salt-Water-Dancing_20190817_008-2.jpg","width":1600,"height":768,"caption":"Annika Mohegan"},"logo":{"@id":"https:\/\/www.my-sl-stories.de\/wp-content\/uploads\/2019\/08\/2019_Salt-Water-Dancing_20190817_008-2.jpg"},"description":"SL-Profil | Profil","sameAs":["https:\/\/www.my-sl-stories.de\/redakteure\/annika\/","https:\/\/www.facebook.com\/annika.mohegan.9","https:\/\/www.instagram.com\/annikamohegan\/"]}]}},"_links":{"self":[{"href":"https:\/\/www.my-sl-stories.de\/de\/wp-json\/wp\/v2\/pages\/14","targetHints":{"allow":["GET"]}}],"collection":[{"href":"https:\/\/www.my-sl-stories.de\/de\/wp-json\/wp\/v2\/pages"}],"about":[{"href":"https:\/\/www.my-sl-stories.de\/de\/wp-json\/wp\/v2\/types\/page"}],"author":[{"embeddable":true,"href":"https:\/\/www.my-sl-stories.de\/de\/wp-json\/wp\/v2\/users\/4"}],"replies":[{"embeddable":true,"href":"https:\/\/www.my-sl-stories.de\/de\/wp-json\/wp\/v2\/comments?post=14"}],"version-history":[{"count":0,"href":"https:\/\/www.my-sl-stories.de\/de\/wp-json\/wp\/v2\/pages\/14\/revisions"}],"wp:featuredmedia":[{"embeddable":true,"href":"https:\/\/www.my-sl-stories.de\/de\/wp-json\/wp\/v2\/media\/505"}],"wp:attachment":[{"href":"https:\/\/www.my-sl-stories.de\/de\/wp-json\/wp\/v2\/media?parent=14"}],"curies":[{"name":"wp","href":"https:\/\/api.w.org\/{rel}","templated":true}]}}